{"id":708,"date":"2023-07-14T12:23:55","date_gmt":"2023-07-14T12:23:55","guid":{"rendered":"https:\/\/thehgallery.com\/?post_type=product&#038;p=708"},"modified":"2023-07-14T13:23:12","modified_gmt":"2023-07-14T13:23:12","slug":"00-%e2%88%9e-lucian-hrisav","status":"publish","type":"product","link":"https:\/\/thehgallery.com\/en\/produs\/00-%e2%88%9e-lucian-hrisav\/","title":{"rendered":"0+0= \u221e &#8211; Lucian Hrisav"},"content":{"rendered":"<p>N\u0103scut \u00een Constan\u021ba, Lucian Hrisav propune o re\u00eentoarcere la malul m\u0103rii prin intermediul acestei serii de peisaje minimaliste. Orizontul este reperul conven\u021bional care deschide calea privirii c\u0103tre o profunzime infinit\u0103, iar aceast\u0103 senza\u021bie specific\u0103 se produce pe baza unei alunec\u0103ri cognitive \u00een vid. Privirea m\u0103rii ofer\u0103 una dintre ocaziile rare \u00een care percep\u021bia uman\u0103, limitat\u0103 \u00een spa\u021biu \u0219i timp, este pus\u0103 fa\u021b\u0103 \u00een fa\u021b\u0103 cu acel ceva aflat dincolo de marginile sale. O astfel de \u00eent\u00e2lnire paradoxal\u0103 produce o discontinuitate mental\u0103, o pauz\u0103 pe baza c\u0103reia totul este privit ca pentru prima dat\u0103. Lucian reu\u0219e\u0219te s\u0103 rezume aceast efect inexplicabil al \u00eent\u00e2lnirii cu nesf\u00e2r\u0219itul at\u00e2t din perspectiv\u0103 vizual\u0103, c\u00e2t \u0219i tactil\u0103, prin textura similar\u0103 nisipului pe care straturile de spray acrilic o produc. Fiecare imagine este alc\u0103tuit\u0103 din milioane de particule minuscule, toate exist\u00e2nd ca parte din \u00eentreg \u0219i ca urme individuale \u00een egal\u0103 m\u0103sur\u0103.<\/p>\n","protected":false},"excerpt":{"rendered":"<p>Spray acrilic pe p\u00e2nz\u0103 de bumbac, 360 g \/ mp, \u0219asiu din lemn de brad cu umiditate 11-13% , 40 x 30 cm, 2022<\/p>\n","protected":false},"featured_media":713,"template":"","meta":[],"product_cat":[28],"product_tag":[],"class_list":["post-708","product","type-product","status-publish","has-post-thumbnail","hentry","product_cat-lucian-hrisav"],"_links":{"self":[{"href":"https:\/\/thehgallery.com\/en\/wp-json\/wp\/v2\/product\/708","targetHints":{"allow":["GET"]}}],"collection":[{"href":"https:\/\/thehgallery.com\/en\/wp-json\/wp\/v2\/product"}],"about":[{"href":"https:\/\/thehgallery.com\/en\/wp-json\/wp\/v2\/types\/product"}],"wp:featuredmedia":[{"embeddable":true,"href":"https:\/\/thehgallery.com\/en\/wp-json\/wp\/v2\/media\/713"}],"wp:attachment":[{"href":"https:\/\/thehgallery.com\/en\/wp-json\/wp\/v2\/media?parent=708"}],"wp:term":[{"taxonomy":"product_cat","embeddable":true,"href":"https:\/\/thehgallery.com\/en\/wp-json\/wp\/v2\/product_cat?post=708"},{"taxonomy":"product_tag","embeddable":true,"href":"https:\/\/thehgallery.com\/en\/wp-json\/wp\/v2\/product_tag?post=708"}],"curies":[{"name":"wp","href":"https:\/\/api.w.org\/{rel}","templated":true}]}}