{"id":715,"date":"2023-07-14T12:28:55","date_gmt":"2023-07-14T12:28:55","guid":{"rendered":"https:\/\/thehgallery.com\/?post_type=product&#038;p=715"},"modified":"2023-07-14T13:22:08","modified_gmt":"2023-07-14T13:22:08","slug":"flori-de-mucegai-lucian-hrisav","status":"publish","type":"product","link":"https:\/\/thehgallery.com\/en\/produs\/flori-de-mucegai-lucian-hrisav\/","title":{"rendered":"Flori de mucegai &#8211; Lucian Hrisav"},"content":{"rendered":"<p>Lucian Hrisav compune seria florilor de mucegai ca o continuare a explor\u0103rii \u00eencepute anterior prin intermediul unor lucr\u0103ri individuale cu titlul ,,Death Flowers\u201d. Prelucrarea vizual\u0103 a acestui motiv ,,baudelairian\u201d (inserat \u00een cultura literar\u0103 rom\u00e2neasc\u0103 interbelic\u0103 prin intermediul lui Tudor Arghezi, cu volumul de poezii <em>Flori de mucigai<\/em>) produce o revenire \u00een cheie contemporan\u0103 la faimoasa ,,estetic\u0103 a ur\u00e2tului\u201d detaliat\u0103 poetic \u00een <em>Les Fleurs du Mal<\/em>. Mai mult, exist\u0103 \u0219i la nivel formal (material) o punere \u00een discu\u021bie a valorii estetice, \u00eentruc\u00e2t\u00a0 mucegaiul, o manifestare nociv\u0103 a descompunerii, devine un element decorativ plasat pe un perete imaculat, de aceast\u0103 dat\u0103 \u00een mod voit \u0219i privilegiat. Printr-o astfel de referin\u021b\u0103 cu rol decisiv \u00een istoria artei moderne, Lucian proiecteaz\u0103 un mecanism actual prin care submineaz\u0103 standardele conform c\u0103rora \u00een\u021belegem frumuse\u021bea, \u00eentr-o lume decadent\u0103 cu repere estetice din ce \u00een ce mai incerte \u0219i superficiale.<\/p>\n","protected":false},"excerpt":{"rendered":"<p>Spray acrilic pe p\u00e2nz\u0103 de bumbac, 360 g \/ mp, \u0219asiu din lemn de brad cu umiditate 11-13% , 40 x 30 cm, 2022<\/p>\n","protected":false},"featured_media":716,"template":"","meta":[],"product_cat":[28],"product_tag":[],"class_list":["post-715","product","type-product","status-publish","has-post-thumbnail","hentry","product_cat-lucian-hrisav"],"_links":{"self":[{"href":"https:\/\/thehgallery.com\/en\/wp-json\/wp\/v2\/product\/715","targetHints":{"allow":["GET"]}}],"collection":[{"href":"https:\/\/thehgallery.com\/en\/wp-json\/wp\/v2\/product"}],"about":[{"href":"https:\/\/thehgallery.com\/en\/wp-json\/wp\/v2\/types\/product"}],"wp:featuredmedia":[{"embeddable":true,"href":"https:\/\/thehgallery.com\/en\/wp-json\/wp\/v2\/media\/716"}],"wp:attachment":[{"href":"https:\/\/thehgallery.com\/en\/wp-json\/wp\/v2\/media?parent=715"}],"wp:term":[{"taxonomy":"product_cat","embeddable":true,"href":"https:\/\/thehgallery.com\/en\/wp-json\/wp\/v2\/product_cat?post=715"},{"taxonomy":"product_tag","embeddable":true,"href":"https:\/\/thehgallery.com\/en\/wp-json\/wp\/v2\/product_tag?post=715"}],"curies":[{"name":"wp","href":"https:\/\/api.w.org\/{rel}","templated":true}]}}