{"id":743,"date":"2023-07-14T14:00:27","date_gmt":"2023-07-14T14:00:27","guid":{"rendered":"https:\/\/thehgallery.com\/?post_type=product&#038;p=743"},"modified":"2023-07-14T14:00:28","modified_gmt":"2023-07-14T14:00:28","slug":"afterlife-codruta-cernea","status":"publish","type":"product","link":"https:\/\/thehgallery.com\/en\/produs\/afterlife-codruta-cernea\/","title":{"rendered":"Afterlife &#8211; Codru\u021ba Cernea"},"content":{"rendered":"<p>\u00cen seria prezentat\u0103 \u00een cadrul expozi\u021biei ,,This Will Feel Like a Strange and Warm Embrace\u201d, Codru\u021ba Cernea construie\u0219te lumi aflate la limita confortabil\u0103 a straniet\u0103\u021bii, folosind elemente simbolice \u0219i contexte spa\u021bio-temporale incerte. Acuarela pe h\u00e2rtie este mediul ideal pentru a compune vizual acest impuls, tocmai pentru c\u0103 p\u0103streaz\u0103 o neutralitate lucid\u0103 \u0219i o transparen\u021b\u0103 a stratific\u0103rii care comunic\u0103 sincer \u0219i deschis. Juxtapunerea dintre prim-plan \u0219i fundal\u00a0devine un punct central al lucr\u0103rilor, iar acest fapt surprinde at\u00e2t ideea rela\u021bion\u0103rii, c\u00e2t \u0219i contrapunctul ei, singur\u0103tatea. Poate s\u0103 fie vorba despre rela\u021bia dintre dou\u0103 lumi, sau a unei lumi proprii cu ea \u00eens\u0103\u0219i, exprimat\u0103 prin mijloace bl\u00e2nde care amintesc, \u00een \u00eentregul perceptual, de o \u00eembr\u0103\u021bi\u0219are.<\/p>\n","protected":false},"excerpt":{"rendered":"<p>Acuarel\u0103 pe h\u00e2rtie, Codru\u021ba Cernea, 48x39cm, 2023.<\/p>\n","protected":false},"featured_media":744,"template":"","meta":[],"product_cat":[56],"product_tag":[],"class_list":["post-743","product","type-product","status-publish","has-post-thumbnail","hentry","product_cat-codruta-cernea"],"_links":{"self":[{"href":"https:\/\/thehgallery.com\/en\/wp-json\/wp\/v2\/product\/743","targetHints":{"allow":["GET"]}}],"collection":[{"href":"https:\/\/thehgallery.com\/en\/wp-json\/wp\/v2\/product"}],"about":[{"href":"https:\/\/thehgallery.com\/en\/wp-json\/wp\/v2\/types\/product"}],"wp:featuredmedia":[{"embeddable":true,"href":"https:\/\/thehgallery.com\/en\/wp-json\/wp\/v2\/media\/744"}],"wp:attachment":[{"href":"https:\/\/thehgallery.com\/en\/wp-json\/wp\/v2\/media?parent=743"}],"wp:term":[{"taxonomy":"product_cat","embeddable":true,"href":"https:\/\/thehgallery.com\/en\/wp-json\/wp\/v2\/product_cat?post=743"},{"taxonomy":"product_tag","embeddable":true,"href":"https:\/\/thehgallery.com\/en\/wp-json\/wp\/v2\/product_tag?post=743"}],"curies":[{"name":"wp","href":"https:\/\/api.w.org\/{rel}","templated":true}]}}